{"id":385,"date":"2022-07-28T14:10:24","date_gmt":"2022-07-28T14:10:24","guid":{"rendered":"https:\/\/byensvikar.dk\/?page_id=385"},"modified":"2023-07-19T14:14:51","modified_gmt":"2023-07-19T14:14:51","slug":"home","status":"publish","type":"page","link":"https:\/\/byensvikar.dk\/","title":{"rendered":"Home"},"content":{"rendered":"\n<h3 class=\"wp-block-heading\">Virksomhed<\/h3>\n\n\n\n<p>Byens Vikar har \u00f8jne p\u00e5 opgaven \ud83d\udc40<\/p>\n\n\n\n<p>Uanset om der mangles 1 Vikar, et par stykker eller en h\u00e5ndfuld,<br>st\u00e5r vi klar til at l\u00f8se opgaven.<\/p>\n\n\n\n<p>Er der tale om en rekrutteringsopgave, byder vi ogs\u00e5 gerne ind.<\/p>\n\n\n\n<p>Vi er din HR partner hele vejen.<\/p>\n\n\n\n<p><\/p>\n\n\n\n<h3 class=\"wp-block-heading\">Vikar<\/h3>\n\n\n\n<p>Vil du v\u00e6re en del af teamet, send et par ord om dig selv og dit CV p\u00e5 dansk eller<br>engelsk til job@byvikar.dk<\/p>\n\n\n\n<div class=\"wp-block-group\"><div class=\"wp-block-group__inner-container is-layout-flow wp-block-group-is-layout-flow\">\n<p>Du kan ogs\u00e5 v\u00e6lge at udfylde formularen <a href=\"https:\/\/byensvikar.dk\/index.php\/bliv-vikar\/\" data-type=\"page\" data-id=\"28\">her<\/a><\/p>\n\n\n\n<p class=\"has-text-align-center\"><em>Hos Byens Vikar er det enkelt og professionelt<\/em><\/p>\n<\/div><\/div>\n","protected":false},"excerpt":{"rendered":"<p>Virksomhed Byens Vikar har \u00f8jne p\u00e5 opgaven \ud83d\udc40 Uanset om der mangles 1 Vikar, et par stykker eller en h\u00e5ndfuld,st\u00e5r vi klar til at l\u00f8se opgaven. Er der tale om en rekrutteringsopgave, byder vi ogs\u00e5 gerne ind. Vi er din HR partner hele vejen. Vikar Vil du v\u00e6re en del af teamet, send et par&hellip;&nbsp;<a href=\"https:\/\/byensvikar.dk\/\" class=\"\" rel=\"bookmark\">Read More &raquo;<span class=\"screen-reader-text\">Home<\/span><\/a><\/p>\n","protected":false},"author":1,"featured_media":0,"parent":0,"menu_order":0,"comment_status":"closed","ping_status":"closed","template":"","meta":{"inline_featured_image":false,"neve_meta_sidebar":"","neve_meta_container":"","neve_meta_enable_content_width":"","neve_meta_content_width":0,"neve_meta_title_alignment":"","neve_meta_author_avatar":"","neve_post_elements_order":"","neve_meta_disable_header":"off","neve_meta_disable_footer":"","neve_meta_disable_title":"on","_ti_tpc_template_sync":false,"_ti_tpc_template_id":"","footnotes":""},"class_list":["post-385","page","type-page","status-publish","hentry"],"_links":{"self":[{"href":"https:\/\/byensvikar.dk\/index.php\/wp-json\/wp\/v2\/pages\/385","targetHints":{"allow":["GET"]}}],"collection":[{"href":"https:\/\/byensvikar.dk\/index.php\/wp-json\/wp\/v2\/pages"}],"about":[{"href":"https:\/\/byensvikar.dk\/index.php\/wp-json\/wp\/v2\/types\/page"}],"author":[{"embeddable":true,"href":"https:\/\/byensvikar.dk\/index.php\/wp-json\/wp\/v2\/users\/1"}],"replies":[{"embeddable":true,"href":"https:\/\/byensvikar.dk\/index.php\/wp-json\/wp\/v2\/comments?post=385"}],"version-history":[{"count":4,"href":"https:\/\/byensvikar.dk\/index.php\/wp-json\/wp\/v2\/pages\/385\/revisions"}],"predecessor-version":[{"id":449,"href":"https:\/\/byensvikar.dk\/index.php\/wp-json\/wp\/v2\/pages\/385\/revisions\/449"}],"wp:attachment":[{"href":"https:\/\/byensvikar.dk\/index.php\/wp-json\/wp\/v2\/media?parent=385"}],"curies":[{"name":"wp","href":"https:\/\/api.w.org\/{rel}","templated":true}]}}